{"id":6,"date":"2018-10-01T10:37:22","date_gmt":"2018-10-01T10:37:22","guid":{"rendered":"http:\/\/cms.liedertafel-lendsiedel.de\/?page_id=6"},"modified":"2026-05-08T04:51:38","modified_gmt":"2026-05-08T04:51:38","slug":"maennerchor","status":"publish","type":"page","link":"https:\/\/www.liedertafel-lendsiedel.de\/?page_id=6","title":{"rendered":"M\u00e4nnerchor"},"content":{"rendered":"\t\t<div data-elementor-type=\"wp-post\" data-elementor-id=\"6\" class=\"elementor elementor-6\">\n\t\t\t\t\t\t\t\t\t<section class=\"elementor-section elementor-top-section elementor-element elementor-element-0faa0be elementor-section-boxed elementor-section-height-default elementor-section-height-default\" data-id=\"0faa0be\" data-element_type=\"section\">\n\t\t\t\t\t\t<div class=\"elementor-container elementor-column-gap-default\">\n\t\t\t\t\t<div class=\"elementor-column elementor-col-100 elementor-top-column elementor-element elementor-element-3d6086e\" data-id=\"3d6086e\" data-element_type=\"column\">\n\t\t\t<div class=\"elementor-widget-wrap elementor-element-populated\">\n\t\t\t\t\t\t\t\t<div class=\"elementor-element elementor-element-baa9ba7 elementor-widget elementor-widget-image\" data-id=\"baa9ba7\" data-element_type=\"widget\" data-widget_type=\"image.default\">\n\t\t\t\t<div class=\"elementor-widget-container\">\n\t\t\t\t\t\t\t\t\t\t\t\t\t\t\t<img fetchpriority=\"high\" decoding=\"async\" width=\"692\" height=\"161\" src=\"https:\/\/www.liedertafel-lendsiedel.de\/wp-content\/uploads\/2018\/10\/Logo-Maennerchor.jpg\" class=\"attachment-large size-large wp-image-37\" alt=\"\" srcset=\"https:\/\/www.liedertafel-lendsiedel.de\/wp-content\/uploads\/2018\/10\/Logo-Maennerchor.jpg 692w, https:\/\/www.liedertafel-lendsiedel.de\/wp-content\/uploads\/2018\/10\/Logo-Maennerchor-300x70.jpg 300w\" sizes=\"(max-width: 692px) 100vw, 692px\" \/>\t\t\t\t\t\t\t\t\t\t\t\t\t\t\t<\/div>\n\t\t\t\t<\/div>\n\t\t\t\t\t<\/div>\n\t\t<\/div>\n\t\t\t\t\t\t\t<\/div>\n\t\t<\/section>\n\t\t\t\t<section class=\"elementor-section elementor-top-section elementor-element elementor-element-180e164 elementor-section-boxed elementor-section-height-default elementor-section-height-default\" data-id=\"180e164\" data-element_type=\"section\">\n\t\t\t\t\t\t<div class=\"elementor-container elementor-column-gap-default\">\n\t\t\t\t\t<div class=\"elementor-column elementor-col-100 elementor-top-column elementor-element elementor-element-ebaaaf9\" data-id=\"ebaaaf9\" data-element_type=\"column\">\n\t\t\t<div class=\"elementor-widget-wrap\">\n\t\t\t\t\t\t\t\t\t<\/div>\n\t\t<\/div>\n\t\t\t\t\t\t\t<\/div>\n\t\t<\/section>\n\t\t\t\t<section class=\"elementor-section elementor-top-section elementor-element elementor-element-ca2242d elementor-section-boxed elementor-section-height-default elementor-section-height-default\" data-id=\"ca2242d\" data-element_type=\"section\">\n\t\t\t\t\t\t<div class=\"elementor-container elementor-column-gap-default\">\n\t\t\t\t\t<div class=\"elementor-column elementor-col-100 elementor-top-column elementor-element elementor-element-fff9e3b\" data-id=\"fff9e3b\" data-element_type=\"column\">\n\t\t\t<div class=\"elementor-widget-wrap elementor-element-populated\">\n\t\t\t\t\t\t\t\t<div class=\"elementor-element elementor-element-e46223a elementor-widget elementor-widget-text-editor\" data-id=\"e46223a\" data-element_type=\"widget\" data-widget_type=\"text-editor.default\">\n\t\t\t\t<div class=\"elementor-widget-container\">\n\t\t\t\t\t\t\t<p style=\"text-align: right;\"><span style=\"color: #000000;\">Unser M\u00e4nnerchor musste 2016 leider wegen zu geringer S\u00e4ngerzahlen das Singen einstellen.<\/span><\/p><p><span style=\"color: #000000;\">Seither treffen wir uns regelm\u00e4\u00dfig alle 14 Tage, immer in den Kalenderwochen mit den ungeraden Nummern, zum Stammtisch.<br \/>Dabei k\u00f6nnen wir uns \u00fcber die Aktivit\u00e4ten der Liedertafel und nat\u00fcrlich auch sonstige Themen austauschen.<br \/>An Feiertagen wie z.B. Himmelfahrt f\u00e4llt der S\u00e4ngerstammtisch aus<\/span><\/p><p><span style=\"color: #000000;\">Unser n\u00e4chster Termin ist in der KW 21, am\u00a0 <span style=\"color: #ff0000;\">Donnerstag, 21. Mai 2026.<\/span><\/span><\/p><p><span style=\"color: #000000;\"><span style=\"color: #ff0000;\"><span style=\"color: #000000;\">Wir<\/span> <\/span><\/span><span style=\"color: #000000;\">freuen uns auf viele S\u00e4nger \u2013 und auch G\u00e4ste sind uns immer willkommen.<\/span><\/p>\t\t\t\t\t\t<\/div>\n\t\t\t\t<\/div>\n\t\t\t\t\t<\/div>\n\t\t<\/div>\n\t\t\t\t\t\t\t<\/div>\n\t\t<\/section>\n\t\t\t\t\t\t\t<\/div>\n\t\t","protected":false},"excerpt":{"rendered":"<p>Unser M\u00e4nnerchor musste 2016 leider wegen zu geringer S\u00e4ngerzahlen das Singen einstellen. Seither treffen wir uns regelm\u00e4\u00dfig alle 14 Tage, immer in den Kalenderwochen mit den ungeraden Nummern, zum Stammtisch.Dabei &#8230;<\/p>\n","protected":false},"author":1,"featured_media":0,"parent":0,"menu_order":0,"comment_status":"closed","ping_status":"closed","template":"","meta":{"footnotes":""},"_links":{"self":[{"href":"https:\/\/www.liedertafel-lendsiedel.de\/index.php?rest_route=\/wp\/v2\/pages\/6"}],"collection":[{"href":"https:\/\/www.liedertafel-lendsiedel.de\/index.php?rest_route=\/wp\/v2\/pages"}],"about":[{"href":"https:\/\/www.liedertafel-lendsiedel.de\/index.php?rest_route=\/wp\/v2\/types\/page"}],"author":[{"embeddable":true,"href":"https:\/\/www.liedertafel-lendsiedel.de\/index.php?rest_route=\/wp\/v2\/users\/1"}],"replies":[{"embeddable":true,"href":"https:\/\/www.liedertafel-lendsiedel.de\/index.php?rest_route=%2Fwp%2Fv2%2Fcomments&post=6"}],"version-history":[{"count":353,"href":"https:\/\/www.liedertafel-lendsiedel.de\/index.php?rest_route=\/wp\/v2\/pages\/6\/revisions"}],"predecessor-version":[{"id":1075,"href":"https:\/\/www.liedertafel-lendsiedel.de\/index.php?rest_route=\/wp\/v2\/pages\/6\/revisions\/1075"}],"wp:attachment":[{"href":"https:\/\/www.liedertafel-lendsiedel.de\/index.php?rest_route=%2Fwp%2Fv2%2Fmedia&parent=6"}],"curies":[{"name":"wp","href":"https:\/\/api.w.org\/{rel}","templated":true}]}}